{"id":501,"date":"2022-12-02T08:14:13","date_gmt":"2022-12-02T07:14:13","guid":{"rendered":"https:\/\/www.stanislas-nice.com\/pastorale\/?page_id=501"},"modified":"2024-01-15T11:10:51","modified_gmt":"2024-01-15T10:10:51","slug":"equipe-danimation-pastorale","status":"publish","type":"page","link":"https:\/\/www.stanislas-nice.com\/pastorale\/equipe-danimation-pastorale\/","title":{"rendered":"Equipe d&rsquo;Animation Pastorale"},"content":{"rendered":"<p>[vc_row][vc_column][vc_column_text]Une \u00e9quipe de quatre Animateurs en Pastorale sont en service dans notre \u00e9tablissement et se partagent les diff\u00e9rents niveaux. Ils sont aid\u00e9s par un aumonier et de nombreux b\u00e9n\u00e9voles. Ils assurent pour tous les \u00e9l\u00e8ves la formation en <strong>Culture Chr\u00e9tienne, Religieuse et Humaine<\/strong> et l&rsquo;<strong>Aum\u00f4nerie<\/strong> pour ceux qui souhaitent\u00a0 d\u00e9velopper leur foi ou pr\u00e9parer des sacrement ou la profession de foi.[\/vc_column_text][\/vc_column][\/vc_row][vc_row][vc_column offset=\u00a0\u00bbvc_col-lg-3\/5&Prime;][vc_column_text]<img loading=\"lazy\" class=\"alignnone size-medium wp-image-508\" src=\"https:\/\/www.stanislas-nice.com\/pastorale\/wp-content\/uploads\/2022\/12\/2003-Photo-Richard-225x300.jpg\" alt=\"\" width=\"225\" height=\"300\" srcset=\"https:\/\/www.stanislas-nice.com\/pastorale\/wp-content\/uploads\/2022\/12\/2003-Photo-Richard-225x300.jpg 225w, https:\/\/www.stanislas-nice.com\/pastorale\/wp-content\/uploads\/2022\/12\/2003-Photo-Richard.jpg 240w\" sizes=\"(max-width: 225px) 100vw, 225px\" \/><\/p>\n<p>Richard DUMAS<\/p>\n<p>Adjoint en Pastorale Scolaire<\/p>\n<p>Coordination de la Pastorale de l&rsquo;Etablissement[\/vc_column_text][\/vc_column][\/vc_row][vc_row][vc_column offset=\u00a0\u00bbvc_col-lg-2\/5&Prime;][vc_column_text]<img loading=\"lazy\" class=\"alignnone size-medium wp-image-416\" src=\"https:\/\/www.stanislas-nice.com\/pastorale\/wp-content\/uploads\/2020\/11\/Innocent-1-212x300.jpg\" alt=\"\" width=\"212\" height=\"300\" srcset=\"https:\/\/www.stanislas-nice.com\/pastorale\/wp-content\/uploads\/2020\/11\/Innocent-1-212x300.jpg 212w, https:\/\/www.stanislas-nice.com\/pastorale\/wp-content\/uploads\/2020\/11\/Innocent-1-768x1086.jpg 768w, https:\/\/www.stanislas-nice.com\/pastorale\/wp-content\/uploads\/2020\/11\/Innocent-1-724x1024.jpg 724w, https:\/\/www.stanislas-nice.com\/pastorale\/wp-content\/uploads\/2020\/11\/Innocent-1.jpg 1240w\" sizes=\"(max-width: 212px) 100vw, 212px\" \/><\/p>\n<p>P\u00e8re Innocent ADANLET<\/p>\n<p>Aum\u00f4nier pour l\u2019Ecole, le Coll\u00e8ge et le Lyc\u00e9e[\/vc_column_text][\/vc_column][\/vc_row][vc_row][vc_column][vc_column_text]<\/p>\n<p><img loading=\"lazy\" class=\"alignnone size-medium wp-image-553\" src=\"https:\/\/www.stanislas-nice.com\/pastorale\/wp-content\/uploads\/2024\/01\/depositphotos_420585092-stock-photo-beautiful-woman-portrait-digital-illustration-300x300.jpg\" alt=\"\" width=\"300\" height=\"300\" srcset=\"https:\/\/www.stanislas-nice.com\/pastorale\/wp-content\/uploads\/2024\/01\/depositphotos_420585092-stock-photo-beautiful-woman-portrait-digital-illustration-300x300.jpg 300w, https:\/\/www.stanislas-nice.com\/pastorale\/wp-content\/uploads\/2024\/01\/depositphotos_420585092-stock-photo-beautiful-woman-portrait-digital-illustration-150x150.jpg 150w, https:\/\/www.stanislas-nice.com\/pastorale\/wp-content\/uploads\/2024\/01\/depositphotos_420585092-stock-photo-beautiful-woman-portrait-digital-illustration.jpg 380w\" sizes=\"(max-width: 300px) 100vw, 300px\" \/><\/p>\n<p>Marie-Pierre IVALDI<\/p>\n<p>Animatrice en Pastorale Ecole et 6\u00e9me et 2nd [\/vc_column_text][\/vc_column][\/vc_row][vc_row][vc_column][vc_column_text]<\/p>\n<p>&nbsp;<\/p>\n<p>Animatrice en Pastorale<\/p>\n<p>5\u00e9me et Profession de Foi[\/vc_column_text][\/vc_column][\/vc_row]<\/p>\n","protected":false},"excerpt":{"rendered":"<p>[vc_row][vc_column][vc_column_text]Une \u00e9quipe de quatre Animateurs en Pastorale sont en service dans notre \u00e9tablissement et se partagent les diff\u00e9rents niveaux. Ils sont aid\u00e9s par un aumonier et de nombreux b\u00e9n\u00e9voles. Ils assurent pour tous les \u00e9l\u00e8ves la formation en Culture Chr\u00e9tienne, Religieuse et Humaine et l&rsquo;Aum\u00f4nerie pour ceux qui souhaitent\u00a0 d\u00e9velopper leur foi ou pr\u00e9parer des sacrement ou la profession de foi.[\/vc_column_text][\/vc_column][\/vc_row][vc_row][vc_column offset=\u00a0\u00bbvc_col-lg-3\/5&Prime;][vc_column_text]<br \/>\nRichard DUMAS<br \/>\nAdjoint en Pastorale Scolaire<br \/>\nCoordination de la Pastorale de l&rsquo;Etablissement[\/vc_column_text][\/vc_column][\/vc_row][vc_row][vc_column offset=\u00a0\u00bbvc_col-lg-2\/5&Prime;][vc_column_text]<br \/>\nP\u00e8re Innocent ADANLET<br \/>\nAum\u00f4nier pour &#8230;<\/p>\n","protected":false},"author":3,"featured_media":0,"parent":0,"menu_order":0,"comment_status":"closed","ping_status":"closed","template":"template_leftnav.php","meta":[],"_links":{"self":[{"href":"https:\/\/www.stanislas-nice.com\/pastorale\/wp-json\/wp\/v2\/pages\/501"}],"collection":[{"href":"https:\/\/www.stanislas-nice.com\/pastorale\/wp-json\/wp\/v2\/pages"}],"about":[{"href":"https:\/\/www.stanislas-nice.com\/pastorale\/wp-json\/wp\/v2\/types\/page"}],"author":[{"embeddable":true,"href":"https:\/\/www.stanislas-nice.com\/pastorale\/wp-json\/wp\/v2\/users\/3"}],"replies":[{"embeddable":true,"href":"https:\/\/www.stanislas-nice.com\/pastorale\/wp-json\/wp\/v2\/comments?post=501"}],"version-history":[{"count":9,"href":"https:\/\/www.stanislas-nice.com\/pastorale\/wp-json\/wp\/v2\/pages\/501\/revisions"}],"predecessor-version":[{"id":509,"href":"https:\/\/www.stanislas-nice.com\/pastorale\/wp-json\/wp\/v2\/pages\/501\/revisions\/509"}],"wp:attachment":[{"href":"https:\/\/www.stanislas-nice.com\/pastorale\/wp-json\/wp\/v2\/media?parent=501"}],"curies":[{"name":"wp","href":"https:\/\/api.w.org\/{rel}","templated":true}]}}