{"id":17,"date":"2016-02-22T13:56:27","date_gmt":"2016-02-22T12:56:27","guid":{"rendered":"http:\/\/www.stanislas-nice.com\/pastorale\/?page_id=17"},"modified":"2024-01-15T11:14:25","modified_gmt":"2024-01-15T10:14:25","slug":"calendrier","status":"publish","type":"page","link":"https:\/\/www.stanislas-nice.com\/pastorale\/calendrier\/","title":{"rendered":"Calendrier"},"content":{"rendered":"<p>[vc_row][vc_column][vc_column_text]<strong>Vous trouverez ici les dates importantes pour la pastorale ainsi que les dates des messes des familles pour l&rsquo;ann\u00e9e en cours.<\/strong>[\/vc_column_text][vc_tta_accordion][vc_tta_section title=\u00a0\u00bbDATES IMPORTANTES\u00a0\u00bb tab_id=\u00a0\u00bb1468221238639-1a0c3ddd-7380&Prime;][vc_column_text]<\/p>\n<p style=\"text-align: left;\">CALENDRIER PASTORAL STANISLAS NICE 2023-2024<\/p>\n<p>20-sept 11h05 rassemblement des 3\u00e9me pour lancer la Confirmation<br \/>\n23-sept le Pape \u00e0 Marseille<br \/>\n26-sept Messe de l&rsquo;Unit\u00e9<br \/>\n29-sept Barbecue des Familles<br \/>\n2 au 7-oct Lourdes Lyc\u00e9ens Rosaire.<br \/>\n10-oct 17h00 R\u00e9union Parents Bapt\u00eame &amp; Communion Ecole<br \/>\n10-oct 18h00 R\u00e9union Parents Bapt\u00eame &amp; Communion Coll\u00e8ge<br \/>\n13-oct Parlement Laudato Si<br \/>\n14-oct Cap Montagne (4\u00b0-3\u00b0)<br \/>\n14-nov 17h45 r\u00e9union parents Profession de Foi<br \/>\n18 et 19 nov WE Aum\u00f4nerie Lyc\u00e9e &#8211; Kayak<br \/>\n20-nov Concours Top Cr\u00e8ches<br \/>\n21-d\u00e9c March\u00e9 &amp; C\u00e9l\u00e9brations de No\u00ebl<br \/>\n20 et 21 janv WE Aum\u00f4nerie Coll\u00e8ge &#8211; Ski<br \/>\n24 au 26-janv Retraite Confirmation &#8211; Cotignac<br \/>\n02-f\u00e9vr Processions de la Chandeleur \u00e0 Notre-Dame 7h00 (n\u00e9cessaire pour les pr\u00e9pa sacrements et PdF)<br \/>\n10 et 11-f\u00e9vr WE Aum\u00f4nerie Lyc\u00e9e &#8211; Ski<br \/>\n14-f\u00e9vr Messe des Cendres Eglise du V\u0153u<br \/>\n2 au 9 mars Camps Ski<br \/>\n21-mars Rencontre Vicaire G\u00e9n\u00e9ral &#8211; confirmands<br \/>\n23-mars Confirmation Nice Centre<br \/>\n26-marsJourn\u00e9e d&rsquo;adoration Stanislas<br \/>\n29-mars Chemin de Croix et Bol de Riz<br \/>\n9 et 10-avr Retraire Coll\u00e8ge<br \/>\n22 au 24 &#8211; avr Retraite de Profession de Foi (Ste Baume)<br \/>\n14-15 mai Retraite Ecole<br \/>\n18-mai Cr\u00e9do Challenge 5\u00b0 et Profession de Foi &#8211; (Antibes)<br \/>\n25-mai C\u00e9l\u00e9brations Bapt\u00eame et 1\u00e9re Communion Ecole (10h00) et Coll\u00e8ge (15h00) Stan<br \/>\n25 et 26-mai J\u00e9sus Campus (WE Aum\u00f4nerie Lyc\u00e9e)<br \/>\n01-juin Profession de Foi au V\u0153u<br \/>\n8 et 9-juin WE Aum\u00f4nerie Coll\u00e8ge &#8211; Kayak<br \/>\n15-juin Messe de fin d&rsquo;ann\u00e9e<br \/>\n13 au 21-juillet P\u00e8lerinage Tout Terrain (Camp d&rsquo;\u00e9t\u00e9)<\/p>\n<p>[\/vc_column_text][vc_column_text][\/vc_column_text][\/vc_tta_section][\/vc_tta_accordion][\/vc_column][\/vc_row][vc_row][vc_column][vc_single_image image=\u00a0\u00bb541&Prime; img_size=\u00a0\u00bbfull\u00a0\u00bb][\/vc_column][\/vc_row]<\/p>\n","protected":false},"excerpt":{"rendered":"<p>[vc_row][vc_column][vc_column_text]Vous trouverez ici les dates importantes pour la pastorale ainsi que les dates des messes des familles pour l&rsquo;ann\u00e9e en cours.[\/vc_column_text][vc_tta_accordion][vc_tta_section title=\u00a0\u00bbDATES IMPORTANTES\u00a0\u00bb tab_id=\u00a0\u00bb1468221238639-1a0c3ddd-7380&Prime;][vc_column_text]<br \/>\nCALENDRIER PASTORAL STANISLAS NICE 2023-2024<br \/>\n20-sept 11h05 rassemblement des 3\u00e9me pour lancer la Confirmation<br \/>\n23-sept le Pape \u00e0 Marseille<br \/>\n26-sept Messe de l&rsquo;Unit\u00e9<br \/>\n29-sept Barbecue des Familles<br \/>\n2 au 7-oct Lourdes Lyc\u00e9ens Rosaire.<br \/>\n10-oct 17h00 R\u00e9union Parents Bapt\u00eame &amp; Communion Ecole<br \/>\n10-oct 18h00 R\u00e9union Parents Bapt\u00eame &amp; Communion Coll\u00e8ge<br \/>\n13-oct Parlement Laudato Si<br \/>\n14-oct Cap Montagne &#8230;<\/p>\n","protected":false},"author":1,"featured_media":0,"parent":0,"menu_order":0,"comment_status":"closed","ping_status":"closed","template":"template_leftnav.php","meta":[],"_links":{"self":[{"href":"https:\/\/www.stanislas-nice.com\/pastorale\/wp-json\/wp\/v2\/pages\/17"}],"collection":[{"href":"https:\/\/www.stanislas-nice.com\/pastorale\/wp-json\/wp\/v2\/pages"}],"about":[{"href":"https:\/\/www.stanislas-nice.com\/pastorale\/wp-json\/wp\/v2\/types\/page"}],"author":[{"embeddable":true,"href":"https:\/\/www.stanislas-nice.com\/pastorale\/wp-json\/wp\/v2\/users\/1"}],"replies":[{"embeddable":true,"href":"https:\/\/www.stanislas-nice.com\/pastorale\/wp-json\/wp\/v2\/comments?post=17"}],"version-history":[{"count":37,"href":"https:\/\/www.stanislas-nice.com\/pastorale\/wp-json\/wp\/v2\/pages\/17\/revisions"}],"predecessor-version":[{"id":555,"href":"https:\/\/www.stanislas-nice.com\/pastorale\/wp-json\/wp\/v2\/pages\/17\/revisions\/555"}],"wp:attachment":[{"href":"https:\/\/www.stanislas-nice.com\/pastorale\/wp-json\/wp\/v2\/media?parent=17"}],"curies":[{"name":"wp","href":"https:\/\/api.w.org\/{rel}","templated":true}]}}